{"id":1157,"date":"2022-12-20T10:53:17","date_gmt":"2022-12-20T09:53:17","guid":{"rendered":"https:\/\/www.campinglevasion.com\/services\/"},"modified":"2023-03-06T09:47:15","modified_gmt":"2023-03-06T08:47:15","slug":"services","status":"publish","type":"page","link":"https:\/\/www.campinglevasion.com\/en\/services\/","title":{"rendered":"Services"},"content":{"rendered":"\n<div class=\"wp-block-columns are-vertically-aligned-center\">\n<div class=\"wp-block-column is-vertically-aligned-center deco--lumiere\">\n<h1 id=\"les-services-du-camping-dans-le-morbihan\">Camping services <em>in Morbihan<\/em><\/h1>\n\n\n\n<p>At your disposal, a wide range of <strong>practical and useful services<\/strong>!<\/p>\n\n\n\n<div class=\"wp-container-69f63e6c7e877 wp-block-buttons\">\n<div class=\"wp-block-button btn_resa\"><a class=\"wp-block-button__link\">Book your stay<\/a><\/div>\n\n\n\n<div class=\"wp-block-button is-style-outline\"><a class=\"wp-block-button__link\" href=\"https:\/\/www.campinglevasion.com\/en\/pool\/\">See the aquatic area<\/a><\/div>\n<\/div>\n<\/div>\n\n\n\n<div class=\"wp-block-column is-vertically-aligned-center\">\n<ul class=\"pictos col-3 centre\"><li><i class=\"fal fa-wifi\"><\/i> <strong>Wifi access<\/strong> on the entire site<\/li><li><i class=\"fal fa-washing-machine\"><\/i> <strong>Laundry<\/strong> with washing machine and dryer<\/li><li><i class=\"fal fa-plus-circle\"><\/i> <strong>Rental of <\/strong>materials\/kits<\/li><\/ul>\n\n\n<p><strong>Late departure<\/strong> at 3pm instead of 10am possible (except July\/August) for 40\u20ac, please come and ask at the reception.<\/p>\n\n\n\n<div class=\"wp-block-group encart-information\"><div class=\"wp-block-group__inner-container\">\n<p>At 1 km from the campsite, supermarket and Bar Tabac &#8221; le Pen duick &#8221; and local shops.<\/p>\n<\/div><\/div>\n<\/div>\n<\/div>\n\n<div class=\"wp-block-columns\">\n<div class=\"wp-block-column deco--pointus d-left d-top deco--lumiere l-right l-bot\">\n<figure class=\"wp-block-image alignfull size-large r-3d\"><img width=\"1024\" height=\"535\" src=\"https:\/\/www.campinglevasion.com\/wp-content\/uploads\/2022\/12\/pizza-g2765d04f3_1280-1024x535.jpg\" alt=\"\" class=\"wp-image-1088\" srcset=\"https:\/\/www.campinglevasion.com\/wp-content\/uploads\/2022\/12\/pizza-g2765d04f3_1280-1024x536.jpg 1024w, https:\/\/www.campinglevasion.com\/wp-content\/uploads\/2022\/12\/pizza-g2765d04f3_1280-300x157.jpg 300w, https:\/\/www.campinglevasion.com\/wp-content\/uploads\/2022\/12\/pizza-g2765d04f3_1280-768x401.jpg 768w, https:\/\/www.campinglevasion.com\/wp-content\/uploads\/2022\/12\/pizza-g2765d04f3_1280.jpg 1280w\" sizes=\"(max-width: 1024px) 100vw, 1024px\" \/><\/figure><\/div>\n\n\n\n<div class=\"wp-block-column\">\n<h2 id=\"nouveaute-2023-bar-snack\">New in 2023: Snack bar!<\/h2>\n\n\n\n<p><strong>This summer, come and discover our new Bar \/ Snack !<\/strong><\/p>\n\n\n\n<p>This year, young and old will be <strong>able to enjoy<\/strong> our pizzas, burgers or paninis. <strong>On our terrace<\/strong> or to take away, it&#8217;s a moment of pleasure that gives you the taste of the vacations.  <\/p>\n\n\n\n<p>For those with a sweet tooth, we also offer <strong>waffles<\/strong>, <strong>ice cream <\/strong>and other <strong>sweets <\/strong>to sweeten up the sunny afternoons.  <\/p>\n\n\n\n<p>It is also an opportunity to share good <strong>moments<\/strong> around a drink, to meet with <strong>family or friends<\/strong>.<\/p>\n\n\n\n<div class=\"wp-container-69f63e6c7ed9b wp-block-buttons\">\n<div class=\"wp-block-button btn_resa\"><a class=\"wp-block-button__link has-turquoise-fonce-background-color has-background\">Book your stay<\/a><\/div>\n\n\n\n<div class=\"wp-block-button is-style-outline\"><a class=\"wp-block-button__link\" href=\"https:\/\/www.campinglevasion.com\/en\/activities\/\">See the activities<\/a><\/div>\n<\/div>\n<\/div>\n<\/div>\n\n<h2 class=\"has-text-align-center\" id=\"tout-pour-des-vacances-reussies\">Everything for a successful vacation!<\/h2>\n\n<ul class=\"resp--20 pictos small col-2\"><li><i class=\"fal fa-croissant\"><\/i>  Bread and pastries in season<\/li><li><i class=\"fal fa-utensils\"><\/i>  Evening take-out in July and August<\/li><li><i class=\"fal fa-broom\"><\/i>  Cleaning option at the end of your stay 80\u20ac.<\/li><li><i class=\"fal fa-bus\"><\/i>  Free Ti&#8217;bus shuttle in July and August<\/li><li><i class=\"fal fa-ice-cream\"><\/i>  Sales of ice cream and cold drinks at the reception<\/li><li><i class=\"fal fa-memo-circle-info\"><\/i>  Guide to travel in the Pays d&#8217;Auray<\/li><li><i class=\"fal fa-newspaper\"><\/i>  Local newspapers in July and August.<\/li><li><i class=\"fal fa-basket-shopping\"><\/i>  Small convenience store at the reception<\/li><\/ul>\n<div style=\"height:52px\" aria-hidden=\"true\" class=\"wp-block-spacer\"><\/div>\n\n<div class=\"wp-block-columns E-15-b deco--blob-2-r\">\n<div class=\"wp-block-column\">\n<figure class=\"wp-block-image size-large blob-2\"><img width=\"1024\" height=\"682\" src=\"https:\/\/www.campinglevasion.com\/wp-content\/uploads\/2022\/11\/pexels-askar-abayev-5637689-1-1024x682.jpg\" alt=\"\" class=\"wp-image-1015\" srcset=\"https:\/\/www.campinglevasion.com\/wp-content\/uploads\/2022\/11\/pexels-askar-abayev-5637689-1-1024x682.jpg 1024w, https:\/\/www.campinglevasion.com\/wp-content\/uploads\/2022\/11\/pexels-askar-abayev-5637689-1-300x200.jpg 300w, https:\/\/www.campinglevasion.com\/wp-content\/uploads\/2022\/11\/pexels-askar-abayev-5637689-1-768x512.jpg 768w, https:\/\/www.campinglevasion.com\/wp-content\/uploads\/2022\/11\/pexels-askar-abayev-5637689-1.jpg 1280w\" sizes=\"(max-width: 1024px) 100vw, 1024px\" \/><\/figure><\/div>\n\n\n\n<div class=\"wp-block-column\">\n<h2 class=\"h3\" id=\"tout-pour-des-vacances-reussies\">For rent for your stay :<\/h2>\n\n\n\n<ul class=\"resp--20 pictos small col-2\"><li><i class=\"fal fa-shish-kebab\"><\/i>  Barbecue rental 3\u20ac\/day or 15\u20ac\/week<\/li><li><i class=\"fal fa-baby\"><\/i>  Baby bed rental 3\u20ac\/day or 15\u20ac\/week<\/li><li><i class=\"fal fa-table-picnic\"><\/i>  Loan of table and iron<\/li><li><i class=\"fal fa-chair\"><\/i>  High chair rental 3\u20ac\/day or 15\u20ac\/week<\/li><li><i class=\"fal fa-heat\"><\/i>  Loan of hair dryer.<\/li><li><i class=\"fal fa-refrigerator\"><\/i>  Fridge rental 5\u20ac\/day or 30\u20ac\/week<\/li><li><i class=\"fal fa-blanket\"><\/i>  Sale of disposable sheets<\/li><li><i class=\"fal fa-bicycle\"><\/i> Location de v\u00e9lo sur r\u00e9servation<\/li><li><i class=\"fal fa-ship\"><\/i> Vente de billets pour la croisi\u00e8re dans le golfe du Morbihan et les \u00eeles directement \u00e0 la r\u00e9ception (d\u00e9part \u00e0 Locmariaquer accessible avec la navette gratuite)<\/li><\/ul><\/div>\n<\/div>\n","protected":false},"excerpt":{"rendered":"<p>Camping services in Morbihan At your disposal, a wide range of practical and useful services! Wifi access on the entire site Laundry with washing machine and dryer Rental of materials\/kits Late departure at 3pm instead of 10am possible (except July\/August) for 40\u20ac, please come and ask at the reception. New in 2023: Snack bar! This [&hellip;]<\/p>\n","protected":false},"author":1,"featured_media":0,"parent":0,"menu_order":0,"comment_status":"closed","ping_status":"closed","template":"","meta":[],"acf":[],"_links":{"self":[{"href":"https:\/\/www.campinglevasion.com\/en\/wp-json\/wp\/v2\/pages\/1157"}],"collection":[{"href":"https:\/\/www.campinglevasion.com\/en\/wp-json\/wp\/v2\/pages"}],"about":[{"href":"https:\/\/www.campinglevasion.com\/en\/wp-json\/wp\/v2\/types\/page"}],"author":[{"embeddable":true,"href":"https:\/\/www.campinglevasion.com\/en\/wp-json\/wp\/v2\/users\/1"}],"replies":[{"embeddable":true,"href":"https:\/\/www.campinglevasion.com\/en\/wp-json\/wp\/v2\/comments?post=1157"}],"version-history":[{"count":6,"href":"https:\/\/www.campinglevasion.com\/en\/wp-json\/wp\/v2\/pages\/1157\/revisions"}],"predecessor-version":[{"id":1269,"href":"https:\/\/www.campinglevasion.com\/en\/wp-json\/wp\/v2\/pages\/1157\/revisions\/1269"}],"wp:attachment":[{"href":"https:\/\/www.campinglevasion.com\/en\/wp-json\/wp\/v2\/media?parent=1157"}],"curies":[{"name":"wp","href":"https:\/\/api.w.org\/{rel}","templated":true}]}}